{"id":11593,"date":"2023-08-01T10:25:38","date_gmt":"2023-08-01T10:25:38","guid":{"rendered":"https:\/\/latelierprecieux.com\/my-account"},"modified":"2023-10-13T15:40:47","modified_gmt":"2023-10-13T15:40:47","slug":"my-account","status":"publish","type":"page","link":"https:\/\/latelierprecieux.com\/en\/my-account","title":{"rendered":"My account"},"content":{"rendered":"<div class=\"woocommerce\">\n<div class=\"jet-woo-builder-woocommerce-myaccount-login-page\">\n\n\t<div class=\"woocommerce-notices-wrapper\"><\/div>\n\t<div id=\"customer_login\">\n\t\t\t\t<div data-elementor-type=\"jet-woo-builder-myaccount\" data-elementor-id=\"11555\" class=\"elementor elementor-11555\" data-elementor-post-type=\"jet-woo-builder\">\n\t\t\t\t<div class=\"elementor-element elementor-element-297cfec e-flex e-con-boxed e-con e-parent\" data-id=\"297cfec\" data-element_type=\"container\" data-settings=\"{&quot;background_background&quot;:&quot;video&quot;,&quot;background_video_link&quot;:&quot;https:\\\/\\\/preprodatelierprecie.live-website.com\\\/wp-content\\\/uploads\\\/2023\\\/09\\\/atelier-precieux-bijoux-hero-1920-low.mp4&quot;,&quot;background_play_on_mobile&quot;:&quot;yes&quot;,&quot;jet_parallax_layout_list&quot;:[],&quot;_ob_use_container_extras&quot;:&quot;no&quot;,&quot;_ob_column_hoveranimator&quot;:&quot;no&quot;,&quot;_ob_glider_is_slider&quot;:&quot;no&quot;,&quot;_ob_column_has_pseudo&quot;:&quot;no&quot;}\">\n\t\t\t\t\t<div class=\"e-con-inner\">\n\t\t<div class=\"elementor-background-video-container\">\n\t\t\t\t\t\t\t<video class=\"elementor-background-video-hosted elementor-html5-video\" autoplay muted playsinline loop><\/video>\n\t\t\t\t\t<\/div>\t\t<div class=\"elementor-element elementor-element-13209b6 elementor-widget__width-auto ob-harakiri-inherit ob-has-background-overlay elementor-widget elementor-widget-heading\" data-id=\"13209b6\" data-element_type=\"widget\" data-settings=\"{&quot;_ob_use_harakiri&quot;:&quot;yes&quot;,&quot;_ob_harakiri_writing_mode&quot;:&quot;inherit&quot;,&quot;_ob_harakiri_text_clip&quot;:&quot;none&quot;,&quot;_ob_widget_stalker_use&quot;:&quot;no&quot;,&quot;_ob_poopart_use&quot;:&quot;yes&quot;,&quot;_ob_shadough_use&quot;:&quot;no&quot;,&quot;_ob_allow_hoveranimator&quot;:&quot;no&quot;}\" data-widget_type=\"heading.default\">\n\t\t\t\t<div class=\"elementor-widget-container\">\n\t\t\t<style>\/*! elementor - v3.21.0 - 26-05-2024 *\/\n.elementor-heading-title{padding:0;margin:0;line-height:1}.elementor-widget-heading .elementor-heading-title[class*=elementor-size-]>a{color:inherit;font-size:inherit;line-height:inherit}.elementor-widget-heading .elementor-heading-title.elementor-size-small{font-size:15px}.elementor-widget-heading .elementor-heading-title.elementor-size-medium{font-size:19px}.elementor-widget-heading .elementor-heading-title.elementor-size-large{font-size:29px}.elementor-widget-heading .elementor-heading-title.elementor-size-xl{font-size:39px}.elementor-widget-heading .elementor-heading-title.elementor-size-xxl{font-size:59px}<\/style><p class=\"elementor-heading-title elementor-size-default\">Se connecter ou cr\u00e9er un compte<\/p>\t\t<\/div>\n\t\t\t\t<\/div>\n\t\t\t\t\t<\/div>\n\t\t\t\t<\/div>\n\t\t<div class=\"elementor-element elementor-element-2b576e2 e-flex e-con-boxed e-con e-parent\" data-id=\"2b576e2\" data-element_type=\"container\" data-settings=\"{&quot;jet_parallax_layout_list&quot;:[],&quot;_ob_use_container_extras&quot;:&quot;no&quot;,&quot;_ob_column_hoveranimator&quot;:&quot;no&quot;,&quot;_ob_glider_is_slider&quot;:&quot;no&quot;,&quot;_ob_column_has_pseudo&quot;:&quot;no&quot;}\">\n\t\t\t\t\t<div class=\"e-con-inner\">\n\t\t<div class=\"elementor-element elementor-element-1289845 e-con-full e-flex e-con e-child\" data-id=\"1289845\" data-element_type=\"container\" data-settings=\"{&quot;jet_parallax_layout_list&quot;:[],&quot;_ob_use_container_extras&quot;:&quot;no&quot;,&quot;_ob_column_hoveranimator&quot;:&quot;no&quot;,&quot;_ob_glider_is_slider&quot;:&quot;no&quot;,&quot;_ob_column_has_pseudo&quot;:&quot;no&quot;}\">\n\t\t\t\t<div class=\"elementor-element elementor-element-196ffea ob-has-background-overlay elementor-widget elementor-widget-jet-myaccount-login-form\" data-id=\"196ffea\" data-element_type=\"widget\" data-settings=\"{&quot;_ob_widget_stalker_use&quot;:&quot;no&quot;,&quot;_ob_poopart_use&quot;:&quot;yes&quot;,&quot;_ob_shadough_use&quot;:&quot;no&quot;,&quot;_ob_allow_hoveranimator&quot;:&quot;no&quot;}\" data-widget_type=\"jet-myaccount-login-form.default\">\n\t\t\t\t<div class=\"elementor-widget-container\">\n\t\t\t<div class=\"elementor-jet-myaccount-login-form jet-woo-builder\">\n<h2>Login<\/h2>\n\n<form class=\"woocommerce-form woocommerce-form-login login\" method=\"post\">\n\n\t\n\t<p class=\"woocommerce-form-row woocommerce-form-row--wide form-row form-row-wide\">\n\t\t<label for=\"username\">Username or email address&nbsp;<span class=\"required\">*<\/span><\/label>\n\t\t<input type=\"text\" class=\"woocommerce-Input woocommerce-Input--text input-text\" name=\"username\" id=\"username\" autocomplete=\"username\" value=\"\" \/>\t<\/p>\n\t<p class=\"woocommerce-form-row woocommerce-form-row--wide form-row form-row-wide\">\n\t\t<label for=\"password\">Password&nbsp;<span class=\"required\">*<\/span><\/label>\n\t\t<input class=\"woocommerce-Input woocommerce-Input--text input-text\" type=\"password\" name=\"password\" id=\"password\" autocomplete=\"current-password\" \/>\n\t<\/p>\n\n\t\n\t<p class=\"form-row\">\n\t\t<label class=\"woocommerce-form__label woocommerce-form__label-for-checkbox woocommerce-form-login__rememberme\">\n\t\t\t<input class=\"woocommerce-form__input woocommerce-form__input-checkbox\" name=\"rememberme\" type=\"checkbox\" id=\"rememberme\" value=\"forever\" \/> <span>Remember me<\/span>\n\t\t<\/label>\n\t\t<input type=\"hidden\" id=\"woocommerce-login-nonce\" name=\"woocommerce-login-nonce\" value=\"4b8326bc07\" \/><input type=\"hidden\" name=\"_wp_http_referer\" value=\"\/en\/wp-json\/wp\/v2\/pages\/11593\" \/>\t\t<button type=\"submit\" class=\"woocommerce-button button woocommerce-form-login__submit \" name=\"login\" value=\"Log in\">Log in<\/button>\n\t<\/p>\n\t<p class=\"woocommerce-LostPassword lost_password\">\n\t\t<a href=\"https:\/\/latelierprecieux.com\/en\/my-account\/lost-password\">Lost your password?<\/a>\n\t<\/p>\n\n\t\n<\/form><\/div>\t\t<\/div>\n\t\t\t\t<\/div>\n\t\t\t\t<\/div>\n\t\t<div class=\"elementor-element elementor-element-71475a9 e-con-full e-flex e-con e-child\" data-id=\"71475a9\" data-element_type=\"container\" data-settings=\"{&quot;jet_parallax_layout_list&quot;:[],&quot;_ob_use_container_extras&quot;:&quot;no&quot;,&quot;_ob_column_hoveranimator&quot;:&quot;no&quot;,&quot;_ob_glider_is_slider&quot;:&quot;no&quot;,&quot;_ob_column_has_pseudo&quot;:&quot;no&quot;}\">\n\t\t\t\t<div class=\"elementor-element elementor-element-4a29897 ob-has-background-overlay elementor-widget elementor-widget-jet-myaccount-registration-form\" data-id=\"4a29897\" data-element_type=\"widget\" data-settings=\"{&quot;_ob_widget_stalker_use&quot;:&quot;no&quot;,&quot;_ob_poopart_use&quot;:&quot;yes&quot;,&quot;_ob_shadough_use&quot;:&quot;no&quot;,&quot;_ob_allow_hoveranimator&quot;:&quot;no&quot;}\" data-widget_type=\"jet-myaccount-registration-form.default\">\n\t\t\t\t<div class=\"elementor-widget-container\">\n\t\t\t<div class=\"elementor-jet-myaccount-registration-form jet-woo-builder\">\n<h2>Register<\/h2>\n\n<form method=\"post\" class=\"woocommerce-form woocommerce-form-register register\"  >\n\n\t\n\t\n\t<p class=\"woocommerce-form-row woocommerce-form-row--wide form-row form-row-wide\">\n\t\t<label for=\"reg_email\">Email address&nbsp;<span class=\"required\">*<\/span><\/label>\n\t\t<input type=\"email\" class=\"woocommerce-Input woocommerce-Input--text input-text\" name=\"email\" id=\"reg_email\" autocomplete=\"email\" value=\"\" \/>\t<\/p>\n\n\t\n\t\t<p>A link to set a new password will be sent to your email address.<\/p>\n\n\t\n\t<wc-order-attribution-inputs><\/wc-order-attribution-inputs><div class=\"woocommerce-privacy-policy-text\"><p>Vos donn\u00e9es personnelles seront utilis\u00e9es pour vous accompagner au cours de votre visite du site web, g\u00e9rer l\u2019acc\u00e8s \u00e0 votre compte, et pour d\u2019autres raisons d\u00e9crites dans notre <a href=\"https:\/\/latelierprecieux.com\/confidentialite-mentions-legales\" class=\"woocommerce-privacy-policy-link\" target=\"_blank\">privacy policy<\/a>.<\/p>\n<\/div>\n\t<p class=\"woocommerce-form-row form-row\">\n\t\t<input type=\"hidden\" id=\"woocommerce-register-nonce\" name=\"woocommerce-register-nonce\" value=\"d714766ef8\" \/><input type=\"hidden\" name=\"_wp_http_referer\" value=\"\/en\/wp-json\/wp\/v2\/pages\/11593\" \/>\t\t<button type=\"submit\" class=\"woocommerce-Button woocommerce-button button woocommerce-form-register__submit \" name=\"register\" value=\"Register\">Register<\/button>\n\t<\/p>\n\n\t\n<\/form><\/div>\t\t<\/div>\n\t\t\t\t<\/div>\n\t\t\t\t<\/div>\n\t\t\t\t\t<\/div>\n\t\t\t\t<\/div>\n\t\t\t\t<\/div>\n\t\t\t<\/div>\n\n\t\n<\/div>\n\n<\/div>","protected":false},"excerpt":{"rendered":"","protected":false},"author":1,"featured_media":0,"parent":0,"menu_order":0,"comment_status":"closed","ping_status":"closed","template":"","meta":{"footnotes":""},"class_list":["post-11593","page","type-page","status-publish","hentry"],"_links":{"self":[{"href":"https:\/\/latelierprecieux.com\/en\/wp-json\/wp\/v2\/pages\/11593","targetHints":{"allow":["GET"]}}],"collection":[{"href":"https:\/\/latelierprecieux.com\/en\/wp-json\/wp\/v2\/pages"}],"about":[{"href":"https:\/\/latelierprecieux.com\/en\/wp-json\/wp\/v2\/types\/page"}],"author":[{"embeddable":true,"href":"https:\/\/latelierprecieux.com\/en\/wp-json\/wp\/v2\/users\/1"}],"replies":[{"embeddable":true,"href":"https:\/\/latelierprecieux.com\/en\/wp-json\/wp\/v2\/comments?post=11593"}],"version-history":[{"count":0,"href":"https:\/\/latelierprecieux.com\/en\/wp-json\/wp\/v2\/pages\/11593\/revisions"}],"wp:attachment":[{"href":"https:\/\/latelierprecieux.com\/en\/wp-json\/wp\/v2\/media?parent=11593"}],"curies":[{"name":"wp","href":"https:\/\/api.w.org\/{rel}","templated":true}]}}