{"id":20756,"date":"2023-11-21T11:07:46","date_gmt":"2023-11-21T11:07:46","guid":{"rendered":"https:\/\/latelierprecieux.com\/general-terms-and-conditions-of-sale"},"modified":"2023-11-21T15:30:30","modified_gmt":"2023-11-21T15:30:30","slug":"general-terms-and-conditions-of-sale","status":"publish","type":"page","link":"https:\/\/latelierprecieux.com\/en\/general-terms-and-conditions-of-sale","title":{"rendered":"General terms and conditions of sale"},"content":{"rendered":"<p><strong>PREAMBULE<\/strong><\/p><p>This site is published by Maison Treilhard (L&#8217;Atelier Pr\u00e9cieux) with a capital of \u20ac1,000, headquartered at BP 93201, 75122 Paris Cedex 03 (France), registered in the Paris Trade and Companies Register under number RCS 899 061 212; The conditions set out below define the rights and obligations of L&#8217;ATELIER PR\u00c9CIEUX and the purchaser, hereinafter referred to as the &#8220;Customer&#8221;; Only non-trading individuals are considered buyers; The customer declares that he\/she has the legal capacity to enter into this contract, i.e. that he\/she has reached the age of majority, and that he\/she has not been placed under a legal or conventional protection regime, in accordance with article 1146 of the French Civil Code; The www.latelierprecieux.com website reserves the right to change these conditions at any time without notice; However, any changes will be mentioned in these general terms and conditions of sale;<\/p><p><strong>ARTICLE 1 : CONTRACT<\/strong><\/p><p>The contract between L&#8217;Atelier Pr\u00e9cieux and the customer is formed when the order is confirmed; This order confirmation summarizes the details of the order and serves as a contract between the Customer, L&#8217;Atelier Pr\u00e9cieux and the website www.latelierprecieux.com. All products listed on the www.latelierprecieux.com website are available for delivery to all European Union countries;<\/p><p><strong>ARTICLE 2 : ORDERS<\/strong><\/p><p>The website www.latelierprecieux.com allows you to order from L&#8217;Atelier Pr\u00e9cieux a selection of L&#8217;Atelier Pr\u00e9cieux brand products immediately online via the Internet for delivery in all European Union countries; The ordering process is as follows: the Customer can add a product to the basket at any time by clicking on &#8220;add to basket&#8221; on the product page; The product is then added to the shopping cart and the customer can continue their visit to the site to add other products; The customer can view the contents of the basket with prices and product characteristics by clicking on &#8220;view my basket&#8221;; You can then finalize your order by clicking on &#8220;validate my basket&#8221;; For an order to be fully validated, the Customer must either clearly identify him\/herself by creating a customer account, or place an order as a guest; In all cases, you must enter your surname, first name, e-mail address and telephone number, which are exclusively personal to you; These elements will enable us to ensure the proper execution of the sales contract; To finalize the order, the customer must have validated the general terms and conditions of sale, as well as the privacy policy by checking the box provided for this purpose; he must provide his billing and delivery details; he must choose the delivery method for his order; he must select his payment method; he must then validate the order; The order is validated once all fields have been completed by the customer; To avoid any errors, L&#8217;Atelier Pr\u00e9cieux recommends that its customers carefully check the contents of their order (product, price, option) before confirming it; The customer will be able to repeat this check in the order confirmation e-mail; If the customer is registered on the site, he will have access to his order via his personal space in the &#8220;my orders&#8221; tab; L&#8217;Atelier Pr\u00e9cieux reserves the right to refuse, cancel and terminate orders at any time for legitimate reasons; For example, in the event of an ongoing dispute concerning the payment of a previous order or if L&#8217;Atelier Pr\u00e9cieux suspects a violation of the general conditions of sale or for any attempt at fraud;<\/p><p><strong>ARTICLE 3: PRODUCT<\/strong><\/p><p>All orders placed via the website are shipped subject to product availability; L&#8217;Atelier Pr\u00e9cieux makes every effort to ensure that the products offered on the website are available when ordered; For technical reasons, the products chosen by the Customer may no longer be available from L&#8217;Atelier Pr\u00e9cieux when the order is confirmed; In this case, the customer will be contacted by Customer Service to find a suitable solution; The essential characteristics of the articles are presented on our site in each of the article sheets under the heading &#8220;description&#8221;; The images used are not contractual, some differences may be present between the photographs and the real object; In fact, a photograph is an optical and technical process that can present variations and defects of aspect between reality and the rendering of the photograph; For size information, we advise customers to refer to the size guide on each product page, or to click on &#8220;Size Guide&#8221;<\/p><p><strong>ARTICLE 4: PRICES<\/strong><\/p><p>The prices indicated on the site are expressed by default in euros including all French taxes (TTC), on the basis of the French value added tax (VAT) at 20%, excluding shipping costs; L&#8217;Atelier Pr\u00e9cieux reserves the right to change prices without notice; The products remain the property of L&#8217;Atelier Pr\u00e9cieux until full payment has been received. The total amount due by the Customer is the amount indicated on the order confirmation. The total amount of the basket at step 1 is given as an indication, without taking into account the shipping costs that will be added once the shipping method has been selected. The total price will be indicated on the order when choosing the shipping method. The &#8220;Payment&#8221; step allows the customer to choose the payment method they wish to use. The amount indicated at this step is the total amount of the order, including shipping costs. Upon receipt of an order confirmation, an order invoice will be available in the &#8220;my account&#8221; area upon confirmation of the order by the Customer. This will include a summary of the products as well as the total price paid and debited.<\/p><p><strong>ARTICLE 5: PAYMENT<\/strong><\/p><p>All items purchased on www.latelierprecieux.com can be paid for by credit card; The debit is made at the time of order validation, after confirmation from the card-issuing bank; In accordance with the CNIL recommendation, they are secured by highly secure pages for entering payment data: card number, expiry date and visual cryptogram (PCI DSS standard); This platform encrypts and transmits payment data to the bank in complete confidentiality, making it inaccessible to third parties; If the bank refuses, the order will be automatically cancelled; At no time do the Customer&#8217;s bank details pass through L&#8217;Atelier Pr\u00e9cieux&#8217;s computer system.<\/p><p><strong>ARTICLE 6: DELIVERY AND SHIPPING<\/strong><\/p><p>L&#8217;Atelier Pr\u00e9cieux delivers the product(s) ordered to the delivery address indicated by the Customer at the &#8220;Delivery address&#8221; stage of the order. It is imperative for the Customer to verify the accuracy of this information. Any re-shipment due to an incorrect address will be charged to the customer. Delivery costs are calculated according to the delivery method chosen by the customer at the time of ordering. All orders are processed by L&#8217;Atelier Pr\u00e9cieux within 2 to 3 working days. The customer receives an email when the order is dispatched with a link enabling him to track his order from dispatch to delivery, via the carrier&#8217;s website. Delivery times quoted are for guidance only. In metropolitan France, the delivery time may not exceed 15 days from receipt of the order confirmation e-mail. Delivery time is approximately 2 to 3 working days. However, L&#8217;Atelier Pr\u00e9cieux cannot be held responsible for delays due to the carrier.<\/p><p><strong>ARTICLE 7: RIGHT OF WITHDRAWAL<\/strong><\/p><p>In accordance with the provisions of articles L.121-21, L.121-21-1, L.121-21-2 of the French Consumer Code, customers who are not satisfied with their order have a cooling-off period of 14 days after receipt of the goods to request a refund. The customer has no particular reason to exercise his right of withdrawal. In order to exercise his right of withdrawal, the customer can choose between.<\/p><ul class=\"wp-block-list\"><li>The retraction form (reproduced in the Annex hereto) by returning it by e-mail (contact@latelierprecieux.com) or to the following address : L&#8217;Atelier Pr\u00e9cieux &#8211; BP 93201, 75122 Paris Cedex 03. This form must be enclosed with the package that the customer returns with the products.<\/li>\n\n<li>An unambiguous statement (e.g. letter sent by post, fax or e-mail: contact@latelierprecieux.com). Paper declarations should be sent to L&#8217;Atelier Pr\u00e9cieux &#8211; BP 93201, 75122 Paris Cedex 03.<\/li><\/ul><p>If the Customer uses electronic means, L&#8217;Atelier Pr\u00e9cieux will immediately send an acknowledgement of receipt of the withdrawal on a durable medium (e.g. by e-mail).<br\/>Products must be returned by post to the following address: L&#8217;Atelier Pr\u00e9cieux, BP 93201, 75122 Paris Cedex 03. Return shipping costs are at the customer&#8217;s expense. If the Customer decides to return several items from the same order, it is imperative that all products are returned together. Products must be returned in their original packaging, in their original condition, new and unworn. If the returned product is damaged, it will be returned at the customer&#8217;s expense. The return of products will be at the customer&#8217;s expense. The customer will be reimbursed for the amount of the order for the returned product(s) no later than 14 days after exercising the right of withdrawal. However, initial delivery charges will not be refunded.<strong> <\/strong><\/p><p><strong>ARTICLE 8: RETURNED PRODUCTS<\/strong><\/p><p>To return a product, you must first go to &#8220;my account &#8211; my returns&#8221; and make your request. Following this request, L&#8217;Atelier Pr\u00e9cieux will send an e-mail to the Customer to inform him of the return procedure. If the return is the result of an error on the part of L&#8217;Atelier Pr\u00e9cieux (reference, size, hidden defect, etc.), L&#8217;Atelier Pr\u00e9cieux undertakes to refund the full amount of the product. Subject to the agreement of L&#8217;Atelier Pr\u00e9cieux, the Customer will be reimbursed for the amount of the returned products. All returned products must be in undamaged, unworn condition and in their original packaging. If the product in question does not comply with these conditions, it will be returned to the customer at his expense.<\/p><p><strong>ARTICLE 9: GUARANTEE<\/strong><\/p><p>L&#8217;Atelier Pr\u00e9cieux offers a 2-year commercial warranty on all jewelry. The jewel is guaranteed against all manufacturing defects for a period of 2 years from the date of purchase. This warranty is valid for normal use of the product. The following are excluded from the warranty: defects resulting from accidents, improper or abusive handling or use (such as shocks, marks from blows, crushing, exposure to corrosive agents) as well as the consequences of skin acidity, wear and normal aging of the jewel. On the other hand, any parts found to be defective due to a manufacturing defect will be repaired or replaced. In order for the customer to benefit from the warranty, it is necessary to have the purchase invoice for the jewelry. If the customer encounters a problem during the warranty period, he\/she must contact customer service at contact@latelierprecieux.com to find out how to return the product and find an appropriate solution. When returning the product by the Customer, it is necessary to protect and carefully place the product(s) in their original packaging, which should be sent to L&#8217;Atelier Pr\u00e9cieux, 7 Rue des Fontaines du Temple, 75003 Paris, along with the invoice. Beyond the warranty period, the customer can have his jewel repaired by our workshop with a prior estimate. If the customer accepts, we will repair the jewel and send it back to them as soon as possible. The repair will be carried out once the Customer&#8217;s payment has been validated.<\/p><p><strong>ARTICLE 10 : RESPONSABILITY<\/strong><\/p><p>L&#8217;Atelier Pr\u00e9cieux cannot be held responsible for events that prevent the contract from being fulfilled and that are attributable to the customer, to a third party to the contract or to force majeure. Furthermore, the information contained in the site may contain technical inaccuracies or translation or typographical errors for which www.latelierprecieux.com cannot be held responsible. L&#8217;Atelier Pr\u00e9cieux is not responsible for the use of other sites that customers may access via links on www.latelierprecieux.com. If a condition is found to be illegal or invalid, this will not invalidate the other conditions.<\/p><p><strong>ARTICLE 11: APPLICABLE LAW<\/strong><\/p><p>Sales concluded with L&#8217;Atelier Pr\u00e9cieux via the website www.latelierprecieux.com are subject to French law. In the event of a dispute, an amicable solution will be sought before any legal action is taken. Failing this, all disputes arising out of or in connection with the validity, interpretation, performance, termination, consequences and consequences of the present contract shall be submitted to the competent court in accordance with the rules of jurisdiction of common law.<\/p><p><strong>ARTICLE 12: AMICABLE SETTLEMENT OF DISPUTES &#8211; CONSUMER MEDIATION<\/strong><\/p><p>Under article L.612-1 of the French Consumer Code: &#8221; <em>Tout consommateur a le droit de recourir gratuitement \u00e0 un m\u00e9diateur de la consommation en vue de la r\u00e9solution amiable du litige qui l&#8217;oppose \u00e0 un professionnel. A cet effet, le professionnel garantit au consommateur le recours effectif \u00e0 un dispositif de m\u00e9diation de la consommation. <\/em><em><br\/><\/em><em>Le professionnel peut mettre en place son propre dispositif de m\u00e9diation de la consommation ou proposer au consommateur le recours \u00e0 tout autre m\u00e9diateur de la consommation r\u00e9pondant aux exigences du pr\u00e9sent titre. <\/em><em><br\/><\/em><em>Lorsqu&#8217;il existe un m\u00e9diateur de la consommation dont la comp\u00e9tence s&#8217;\u00e9tend \u00e0 l&#8217;ensemble des entreprises d&#8217;un domaine d&#8217;activit\u00e9 \u00e9conomique dont il rel\u00e8ve, le professionnel permet toujours au consommateur d&#8217;y recourir. <\/em><em><br\/><\/em><em>Les modalit\u00e9s selon lesquelles le processus de m\u00e9diation est mis en \u0153uvre sont pr\u00e9cis\u00e9es par d\u00e9cret en Conseil d&#8217;Etat<\/em>&#8220;In accordance with the provisions of the French Consumer Code concerning the amicable settlement of disputes, L&#8217;Atelier Pr\u00e9cieux adheres to the Service du M\u00e9diateur du e-commerce de l&#8217;AME Conso whose contact details are as follows: 11 place Dauphine &#8211; 75001 Paris &#8211; <a href=\"https:\/\/www.mediationconso-ame.com\"><em>https:\/\/www.mediationconso-ame.com<\/em><\/a><em>  &#8211;<\/em>In the event of a dispute, the Customer must first contact L&#8217;Atelier Pr\u00e9cieux Customer Service by e-mail at: <em>contact@latelierprecieux.com<\/em>. After prior written application by the consumer to L&#8217;Atelier Pr\u00e9cieux, the Mediation Service may be contacted for any consumer dispute which has not been settled. This Commission has exclusive competence to handle, within the framework of a mediation process, disputes arising between L&#8217;Atelier Pr\u00e9cieux and the Customer. To find out how to contact the Mediation officer, click <a href=\"https:\/\/www.mediationconso-ame.com\/\">here<\/a>;<\/p><p><strong>ARTICLE 13: INTELLECTUAL PROPERTY<\/strong><\/p><p>L&#8217;Atelier Pr\u00e9cieux is the owner of the <a href=\"https:\/\/latelierprecieux.com\/en\">https:\/\/latelierprecieux.com\/<\/a> website. In addition, the graphics, texts and, more generally, everything that makes up the www.latelierprecieux.com website are the property of L&#8217;Atelier Pr\u00e9cieux. All other graphics appearing on the jewelry and the website www.latelierprecieux.com are the property of L&#8217;Atelier Pr\u00e9cieux and may not be reproduced. Photos and diagrams of products may not be reproduced. All names, logos, brands and titles used on this site are trademarks or registered trademarks of their owners. You are also reminded that all drawings, models and plans belong to L&#8217;Atelier Pr\u00e9cieux, which has artistic property rights over all its products. The Customer acknowledges that any infringement of the trademark, designs or other graphics may be punished by criminal and\/or civil penalties at the discretion of L&#8217;Atelier Pr\u00e9cieux.<\/p><p><strong>ARTICLE 14 : PERSONAL DATA<\/strong><\/p><p>All the information requested on the www.latelierprecieux.com website when placing an order or subscribing to the newsletter is as follows: name, address, email address, telephone number and customer number. In addition, certain information will be collected when browsing the www.latelierprecieux.com website via cookies. This personal information is only used for the purposes of the www.latelierprecieux.com website, to ensure better order tracking and improved services. L&#8217;Atelier Pr\u00e9cieux undertakes not to provide this personal information to any third party without the Customer&#8217;s prior consent. Customers may at any time exercise their right to access, rectify and refuse the processing of their personal data, in accordance with articles 38, 39 and 40 of the French Data Protection Act. Please contact us at contact@latelierprecieux.com. The use of the telephone number is solely for the purposes of the proper execution of the sales contract between L&#8217;Atelier Pr\u00e9cieux and the customer. However, customers can register with Bloctel to block their number against telephone canvassing. You can also unsubscribe from our newsletter and mailings at any time.<\/p><p><strong>ARTICLE 15: CUSTOMS<\/strong><\/p><p>Any order placed on the site and delivered outside mainland France may be subject to taxes and customs duties which are imposed when the parcel reaches its destination. Any customs duties and taxes associated with the delivery of an item are the responsibility of the Customer. L&#8217;Atelier Pr\u00e9cieux is not obliged to check and inform its Customers of the customs duties and taxes applicable. To find out what they are, members should contact the relevant authorities in their own country. The language of these general terms and conditions of sale is French. This contract is governed by French law. In the event of a dispute with a Customer, the French courts will have exclusive jurisdiction.<\/p><p>PROVISIONS RELATING TO LEGAL GUARANTEES<\/p><ul class=\"wp-block-list\"><li>Article L211-4 of the French Consumer Code: The seller is required to deliver goods in conformity with the contract and is liable for any lack of conformity at the time of delivery. He shall also be liable for any lack of conformity resulting from the packaging, the assembly instructions or the installation when the latter was his responsibility under the contract or was carried out under his responsibility.<\/li>\n\n<li>Article L211-5 of the Consumer Code:<\/li><\/ul><p>To comply with the contract, the goods must:<\/p><p>Be fit for the use ordinarily expected of similar goods and, where applicable:<\/p><p>Correspond to the description given by the seller and possess the qualities that the seller presented to the buyer in the form of a sample or model<\/p><p>Have the qualities that a purchaser may legitimately expect in the light of public statements made by the seller, the producer or his representative, particularly in advertising or labelling<\/p><p>Or have the characteristics defined by mutual agreement between the parties or be suitable for any special use sought by the buyer, brought to the attention of the seller and accepted by the latter;<\/p><ul class=\"wp-block-list\"><li>Article L211-12 of the French Consumer Code: Any action resulting from a lack of conformity must be brought within two years of delivery of the goods;<\/li>\n\n<li>Article L211-16 of the French Consumer Code: When the buyer asks the seller, during the period of the commercial guarantee granted to him at the time of the purchase or repair of a movable good, for a repair covered by the guarantee, any period of immobilisation, of at least seven days, is added to the duration of the guarantee which remained to run. This period runs from the date of the buyer&#8217;s request for service or from the date on which the goods in question are made available for repair, if the goods are made available after the request for service.<\/li>\n\n<li>Article 1641 of the French Civil Code: The seller is liable for any hidden defects in the item sold which render it unfit for its intended use, or which impair that use to such an extent that the buyer would not have purchased it, or would only have paid a lower price for it, had he or she been aware of them.<\/li>\n\n<li>Article 1648 paragraph 1 of the Civil Code: The action resulting from redhibitory defects must be brought by the purchaser within two years of the discovery of the defect.<\/li><\/ul><p><strong>APPENDIX 1: MODEL WITHDRAWAL FORM<\/strong><br\/><br\/>Please complete and return this form only if you wish to withdraw from the contract;<\/p><p>A l\u2019attention de L\u2019Atelier Pr\u00e9cieux, BP 93201, 75122 Paris Cedex 03 (email : contact@latelierprecieux.com).<\/p><p>We recommend that you also state your order number;<\/p><p>Je vous notifie par la pr\u00e9sente et conform\u00e9ment \u00e0 l\u2019article L. 221-18 du code de la consommation, ma r\u00e9tractation du contrat portant sur la vente du bien ci-dessous :<br\/><br\/>Command\u00e9 le : [\u2026] \/ Commande re\u00e7ue le : [\u2026]<br\/>Num\u00e9ro de commande :<br\/>Nom du Client :<br\/>Adresse du Client :<br\/>Rue :<br\/>Code postal :<br\/>Ville :<br\/>Pays :<br\/>Signature (only if this form is submitted on paper):<br\/>Date :<\/p>","protected":false},"excerpt":{"rendered":"<p>PREAMBULE This site is published by Maison Treilhard (L&#8217;Atelier Pr\u00e9cieux) with a capital of \u20ac1,000, headquartered at BP 93201, 75122 Paris Cedex 03 (France), registered in the Paris Trade and Companies Register under number RCS 899 061 212; The conditions set out below define the rights and obligations of L&#8217;ATELIER PR\u00c9CIEUX and the purchaser, hereinafter [&hellip;]<\/p>\n","protected":false},"author":1,"featured_media":0,"parent":0,"menu_order":0,"comment_status":"closed","ping_status":"closed","template":"","meta":{"footnotes":""},"class_list":["post-20756","page","type-page","status-publish","hentry"],"_links":{"self":[{"href":"https:\/\/latelierprecieux.com\/en\/wp-json\/wp\/v2\/pages\/20756","targetHints":{"allow":["GET"]}}],"collection":[{"href":"https:\/\/latelierprecieux.com\/en\/wp-json\/wp\/v2\/pages"}],"about":[{"href":"https:\/\/latelierprecieux.com\/en\/wp-json\/wp\/v2\/types\/page"}],"author":[{"embeddable":true,"href":"https:\/\/latelierprecieux.com\/en\/wp-json\/wp\/v2\/users\/1"}],"replies":[{"embeddable":true,"href":"https:\/\/latelierprecieux.com\/en\/wp-json\/wp\/v2\/comments?post=20756"}],"version-history":[{"count":0,"href":"https:\/\/latelierprecieux.com\/en\/wp-json\/wp\/v2\/pages\/20756\/revisions"}],"wp:attachment":[{"href":"https:\/\/latelierprecieux.com\/en\/wp-json\/wp\/v2\/media?parent=20756"}],"curies":[{"name":"wp","href":"https:\/\/api.w.org\/{rel}","templated":true}]}}